{"id":402,"date":"2025-10-19T14:40:03","date_gmt":"2025-10-19T14:40:03","guid":{"rendered":"https:\/\/imobima.com\/politica-de-privacidad\/"},"modified":"2025-10-19T17:21:52","modified_gmt":"2025-10-19T17:21:52","slug":"politica-de-privacidad","status":"publish","type":"page","link":"https:\/\/imobima.com\/es\/politica-de-privacidad\/","title":{"rendered":"Pol\u00edtica de privacidad"},"content":{"rendered":"\t\t<div data-elementor-type=\"wp-page\" data-elementor-id=\"402\" class=\"elementor elementor-402 elementor-395\" data-elementor-post-type=\"page\">\n\t\t\t\t<div class=\"elementor-element elementor-element-7543f90 e-con-full e-flex e-con e-parent\" data-id=\"7543f90\" data-element_type=\"container\" data-e-type=\"container\">\n\t\t\t\t<\/div>\n\t\t<div class=\"elementor-element elementor-element-c0f8ce6 e-con-full e-flex e-con e-parent\" data-id=\"c0f8ce6\" data-element_type=\"container\" data-e-type=\"container\">\n\t\t\t\t<div class=\"elementor-element elementor-element-685193b elementor-widget elementor-widget-text-editor\" data-id=\"685193b\" data-element_type=\"widget\" data-e-type=\"widget\" data-widget_type=\"text-editor.default\">\n\t\t\t\t\t\t\t\t\t<header class=\"page-header\">El Titular te informa de su Pol\u00edtica de Privacidad en relaci\u00f3n con el tratamiento y protecci\u00f3n de los datos de car\u00e1cter personal de los usuarios que puedan ser recabados durante la navegaci\u00f3n por el Sitio Web: <a href=\"https:\/\/imobima.com\/es\/\">https:\/\/imobima.com<\/a><\/header><header class=\"page-header\"><\/header><header><\/header><header class=\"page-header\"><\/header><header class=\"page-header\"><\/header><header><\/header><header class=\"page-header\"><\/header><header class=\"page-header\"><\/header><header class=\"page-header\"><\/header><header class=\"page-header\"><\/header><header><\/header><header class=\"page-header\">En este sentido, el Titular garantiza el cumplimiento de la legislaci\u00f3n vigente en materia de protecci\u00f3n de datos de car\u00e1cter personal, reflejada en la Ley Org\u00e1nica 3\/2018, de 5 de diciembre, de Protecci\u00f3n de Datos Personales y Garant\u00eda de los Derechos Digitales (LOPD GDD). Asimismo, cumple con el Reglamento (UE) 2016\/679 del Parlamento Europeo y del Consejo, de 27 de abril de 2016, relativo a la protecci\u00f3n de las personas f\u00edsicas (GDPR).<\/header><header class=\"page-header\"><\/header><header><\/header><header class=\"page-header\"><\/header><header class=\"page-header\"><\/header><header><\/header><header class=\"page-header\"><\/header><header class=\"page-header\"><\/header><header><\/header><header class=\"page-header\"><\/header><header><\/header><header class=\"page-header\">El uso del sitio web implica la aceptaci\u00f3n de esta Pol\u00edtica de Privacidad, as\u00ed como de las condiciones incluidas en el <a href=\"https:\/\/imobima.com\/es\/aviso-legal-2\/\">Aviso Legal<\/a>.<\/header><div class=\"page-content\"><h2>Identidad de la persona responsable<\/h2><ul><li><b>Responsable:<\/b> Imobima - Gesti\u00f3n de la Propiedad, Unipessoal Lda.<\/li><li><b>NIF:<\/b> 519057376<br \/>Inscrita en el Registro Mercantil Central.<\/li><li><b>Direcci\u00f3n:<\/b> Largo de Salgueiros, 10 | 4850-245 Mosteiro - Veira do Minho | Portugal.<\/li><li><b>Correo electr\u00f3nico:<\/b> info@imobima.com<\/li><li><b>Tel\u00e9fono de contacto:<\/b> 00351 253 741 444<\/li><li><b>P\u00e1gina web:<\/b> <a href=\"https:\/\/imobima.com\/es\/\">https:\/\/imobima.com<\/a><\/li><\/ul><h2>Principios aplicados al tratamiento de datos<\/h2><p>Al procesar tus datos personales, el responsable del tratamiento aplica los siguientes principios, que se ajustan a los requisitos del nuevo Reglamento Europeo de Protecci\u00f3n de Datos (RGPD):<\/p><ul><li>Principio de licitud, lealtad y transparencia: El responsable siempre requerir\u00e1 el consentimiento para el tratamiento de los datos personales, que podr\u00e1 tener una o varias finalidades espec\u00edficas sobre las que el responsable informar\u00e1 previamente al usuario con absoluta transparencia.<\/li><li>Principio de minimizaci\u00f3n de datos: El responsable del tratamiento s\u00f3lo solicita los datos estrictamente necesarios para la finalidad o finalidades para las que se solicitan los datos.<\/li><li>Principio de limitaci\u00f3n del plazo de conservaci\u00f3n: El Responsable del Tratamiento conserva los datos personales recogidos durante el tiempo estrictamente necesario para la finalidad o finalidades del tratamiento. El Responsable del Tratamiento informar\u00e1 al Usuario del periodo de conservaci\u00f3n correspondiente, en funci\u00f3n de la finalidad.<br \/>En el caso de las suscripciones, el Responsable del Tratamiento revisar\u00e1 peri\u00f3dicamente las listas y eliminar\u00e1 los registros que hayan estado inactivos durante un periodo de tiempo considerable.<\/li><li>Principio de integridad y confidencialidad: Los datos personales recogidos ser\u00e1n tratados de forma que se garantice su seguridad, confidencialidad e integridad.<br \/>El Responsable del Tratamiento toma las precauciones necesarias para evitar el acceso no autorizado o el uso indebido de los datos de sus usuarios por parte de terceros.<\/li><\/ul><h2>Recogida de datos personales<\/h2><p>No es necesario que facilites ning\u00fan dato personal para navegar por el sitio web.<\/p><p>Los casos en los que el usuario facilita sus datos personales son los siguientes:<\/p><ul><li>Poni\u00e9ndote en contacto con nosotros mediante los formularios de contacto o envi\u00e1ndonos un correo electr\u00f3nico.<\/li><li>Al comentar un art\u00edculo o una p\u00e1gina.<\/li><\/ul><h2>Derechos<\/h2><p>El Propietario te informa de que tienes derecho a:<\/p><ul><li>Solicitar acceso a los datos almacenados.<\/li><li>Solicitar la rectificaci\u00f3n o supresi\u00f3n.<\/li><li>Solicita que se restrinja tu tratamiento.<\/li><li>Tratamiento contrario.<\/li><\/ul><p>No puedes ejercer tu derecho a la portabilidad de datos.<\/p><p>El ejercicio de estos derechos es personal y, por tanto, debe ser ejercido directamente por el interesado solicit\u00e1ndolo directamente al responsable del tratamiento, lo que significa que cualquier cliente, suscriptor o empleado que haya facilitado sus datos en cualquier momento puede ponerse en contacto con el responsable del tratamiento y solicitar informaci\u00f3n sobre los datos almacenados y c\u00f3mo se obtuvieron, solicitar la rectificaci\u00f3n de los datos, oponerse a su tratamiento, limitar su uso o solicitar la supresi\u00f3n de estos datos de los archivos del responsable del tratamiento.<\/p><p>Para ejercer tus derechos, env\u00eda tu solicitud, acompa\u00f1ada de una fotocopia de tu documento nacional de identidad o equivalente, a la siguiente direcci\u00f3n de correo electr\u00f3nico: info@rendima.com<\/p><p>El ejercicio de estos derechos no incluye los datos que el responsable del tratamiento est\u00e9 obligado a conservar por motivos administrativos, legales o de seguridad.<\/p><p>Tienes derecho a la tutela judicial efectiva y a presentar una reclamaci\u00f3n ante la autoridad de control, en este caso la Agencia Espa\u00f1ola de Protecci\u00f3n de Datos, si consideras que el tratamiento de los datos personales que te conciernen vulnera la normativa.<\/p><h2 id=\"finalidad-del-tratamiento-de-datos-personales\">Finalidad del tratamiento de los datos personales<\/h2><p>Cuando te conectas al Sitio Web para enviar un correo electr\u00f3nico al Propietario, escribir un comentario sobre un art\u00edculo o una p\u00e1gina, suscribirte a su bolet\u00edn, est\u00e1s proporcionando informaci\u00f3n personal de la que es responsable el Propietario. Esta informaci\u00f3n puede incluir datos personales como tu direcci\u00f3n IP, nombre y apellidos, direcci\u00f3n f\u00edsica, direcci\u00f3n de correo electr\u00f3nico, n\u00famero de tel\u00e9fono y otra informaci\u00f3n. Al proporcionar esta informaci\u00f3n, das tu consentimiento para que tu informaci\u00f3n sea recopilada, utilizada, gestionada y almacenada por - Ionos - s\u00f3lo como se describe en las p\u00e1ginas:<\/p><ul><li><a href=\"https:\/\/imobima.com\/es\/aviso-legal-2\/\">Aviso legal<\/a><\/li><li><a href=\"https:\/\/imobima.com\/es\/politica-de-privacidad\/\">Pol\u00edtica de privacidad<\/a><\/li><\/ul><p>Los datos personales y la finalidad de su tratamiento var\u00edan en funci\u00f3n del sistema de recogida de informaci\u00f3n:<\/p><ul><li>Formularios de contacto: El Titular solicita datos de car\u00e1cter personal, que pueden incluir: nombre y apellidos, direcci\u00f3n de correo electr\u00f3nico, n\u00famero de tel\u00e9fono y direcci\u00f3n del sitio web, con la finalidad de responder a las consultas de los Usuarios.<br \/>Por ejemplo, el Titular utiliza estos datos para responder a mensajes, consultas, quejas, comentarios o inquietudes que los Usuarios puedan tener en relaci\u00f3n con la informaci\u00f3n incluida en el Sitio Web, el tratamiento de los datos personales, cuestiones relativas a los textos legales incluidos en el Sitio Web, as\u00ed como cualquier otra cuesti\u00f3n que el Usuario pueda tener y que no est\u00e9 sujeta a las condiciones del Sitio Web.<\/li><li>Formularios de comentarios: El Propietario solicita datos personales que pueden incluir: nombre y apellidos, direcci\u00f3n de correo electr\u00f3nico y direcci\u00f3n del sitio web con el fin de responder a los comentarios de los Usuarios.<\/li><\/ul><p>Existen otros fines para los que el responsable del tratamiento trata los datos personales:<\/p><ul><li>Garantizar el cumplimiento de las condiciones establecidas en la p\u00e1gina de Aviso Legal y la legislaci\u00f3n aplicable. Esto puede incluir el desarrollo de herramientas y algoritmos para ayudar al sitio web a garantizar la confidencialidad de los datos personales que recopila.<\/li><li>Para apoyar y mejorar los servicios ofrecidos por este sitio web.<\/li><li>Analizar la navegaci\u00f3n del Usuario. El Titular recoge otros datos no identificables obtenidos mediante el uso de cookies que se descargan en el ordenador del Usuario cuando navega por el Sitio, cuyas caracter\u00edsticas y finalidad se detallan en la p\u00e1gina de <a href=\"https:\/\/imobima.com\/es\/politica-de-cookies\/\">Pol\u00edtica de Cookies<\/a>.<\/li><li><p>Gesti\u00f3n de las redes sociales. El Propietario est\u00e1 presente en las redes sociales. Si te haces seguidor en las redes sociales del Propietario, el tratamiento de tus datos personales se regir\u00e1 por este apartado, as\u00ed como por aquellas condiciones de uso, pol\u00edticas de privacidad y normativas de acceso que pertenezcan a la red social que proceda en cada caso y que hayas aceptado previamente.<br \/>Puedes consultar las pol\u00edticas de privacidad de las principales redes sociales siguiendo estos enlaces:<\/p><ul><li><a href=\"https:\/\/www.facebook.com\/help\/cookies\" target=\"_blank\" rel=\"nofollow noopener\">Facebook<\/a><\/li><li><a href=\"https:\/\/twitter.com\/privacy\" target=\"_blank\" rel=\"nofollow noopener\">X<\/a><\/li><li><a href=\"https:\/\/www.linkedin.com\/legal\/cookie-policy\" target=\"_blank\" rel=\"nofollow noopener\">Linkedin<\/a><\/li><li><a href=\"https:\/\/www.youtube.com\/privacy\" target=\"_blank\" rel=\"nofollow noopener\">YouTube<\/a><\/li><li><a href=\"https:\/\/www.instagram.com\/legal\/privacy\/\" target=\"_blank\" rel=\"nofollow noopener\">Instagram<\/a><\/li><\/ul><p>El Propietario tratar\u00e1 tus datos personales con las finalidades de administrar correctamente tu presencia en la red social, informarte de sus actividades, as\u00ed como para cualquier otra finalidad que las normativas de las redes sociales permitan.<\/p><p>En ning\u00fan caso el responsable del tratamiento utilizar\u00e1 los perfiles de los seguidores en las redes sociales para enviar publicidad de forma individualizada.<\/p><\/li><\/ul><h2>Seguridad de los datos personales<\/h2><p>Para proteger tus datos personales, el Responsable del Tratamiento toma todas las precauciones razonables y sigue las mejores pr\u00e1cticas del sector para evitar la p\u00e9rdida, el uso indebido, el acceso indebido, la divulgaci\u00f3n, la alteraci\u00f3n o la destrucci\u00f3n de tus datos personales.<\/p><p>El sitio web est\u00e1 alojado en: Ionos. La seguridad de los datos est\u00e1 garantizada, ya que se han adoptado todas las medidas de seguridad necesarias. Para m\u00e1s informaci\u00f3n, puedes consultar su pol\u00edtica de privacidad.<\/p><p>El Responsable del Tratamiento informa al Usuario de que sus datos personales no ser\u00e1n cedidos a terceras organizaciones, con la salvedad de que dicha cesi\u00f3n de datos este amparada en una obligaci\u00f3n legal o cuando la prestaci\u00f3n de un servicio implique la necesidad de una relaci\u00f3n contractual con un encargado de tratamiento. En este \u00faltimo caso, solo se llevar\u00e1 a cabo la cesi\u00f3n de datos a terceros cuando el Responsable del Tratamiento disponga del consentimiento expreso del Usuario.<\/p><p>No obstante, en algunos casos, se podr\u00e1n realizar colaboraciones con otros profesionales; en estos casos, se requerir\u00e1 el consentimiento del Usuario, informando de la identidad del colaborador y de la finalidad de la colaboraci\u00f3n. Siempre se llevar\u00e1 a cabo de acuerdo con los m\u00e1s altos est\u00e1ndares de seguridad.<\/p><h2>Contenido de otros sitios web<\/h2><p>Las p\u00e1ginas de este sitio web pueden incluir contenido incrustado (por ejemplo, v\u00eddeos, im\u00e1genes, art\u00edculos, etc.). El contenido incrustado de otros sitios web se comporta exactamente igual que si el usuario hubiera visitado el otro sitio web.<\/p><p>Estos sitios web pueden recopilar datos sobre ti, utilizar cookies, incrustar c\u00f3digo de seguimiento adicional de terceros y controlar tu interacci\u00f3n utilizando este c\u00f3digo.<\/p><h2>Pol\u00edtica de cookies<\/h2><p>Para que este sitio web funcione correctamente, es necesario utilizar cookies, que son fragmentos de informaci\u00f3n almacenados en tu navegador web.<\/p><p>Puedes consultar toda la informaci\u00f3n sobre la pol\u00edtica de recogida y tratamiento de cookies en la p\u00e1gina <a href=\"https:\/\/imobima.com\/es\/personalizar-las-cookies\/\">Pol\u00edtica de cookies<\/a>.<\/p><h2>Legitimaci\u00f3n del tratamiento de datos<\/h2><p>La base jur\u00eddica para el tratamiento de tus datos es:<\/p><ul><li>El consentimiento de la persona interesada.<\/li><\/ul><h2>Categor\u00edas de datos personales<\/h2><p>Las categor\u00edas de datos personales tratados por el responsable del tratamiento son:<\/p><ul><li>Datos de identificaci\u00f3n.<\/li><li>No se tratan categor\u00edas de datos especialmente protegidas.<\/li><\/ul><h2>Conservaci\u00f3n de datos personales<\/h2><p>Los datos personales facilitados al interesado se conservar\u00e1n hasta que \u00e9ste solicite su supresi\u00f3n.<\/p><div id=\"destinatarios\"><h2>Destinatarios de los datos personales<\/h2><ul><li><b>Google Analytics<\/b> es un servicio anal\u00edtico de web prestado por Google, Inc, una compa\u00f1\u00eda de Delaware con domicilio social en 1600 Amphitheatre Parkway, Mountain View (California), CA 94043, Estados Unidos (\u00abGoogle\u00bb).<br \/>Google Analytics utiliza \u00abcookies\u00bb, que son archivos de texto ubicados en tu ordenador, para ayudar al Propietario a analizar el uso que hacen los usuarios del Sitio Web. La informaci\u00f3n que genera la cookie acerca de tu uso del sitio web (incluyendo tu direcci\u00f3n IP) ser\u00e1 directamente transmitida y archivada por Google en los servidores de Estados Unidos.<br \/>. M\u00e1s informaci\u00f3n en: <a href=\"https:\/\/policies.google.com\/privacy?hl=es-ES\" target=\"_blank\" rel=\"nofollow noopener\">https:\/\/analytics.google.com.<\/a><\/li><\/ul><\/div><p>Puedes ver c\u00f3mo gestiona Google la privacidad en relaci\u00f3n con el uso de cookies y otra informaci\u00f3n en la p\u00e1gina de la Pol\u00edtica de privacidad de Google: <a href=\"https:\/\/policies.google.com\/privacy?hl=es\" target=\"_blank\" rel=\"nofollow noopener\">https:\/\/policies.google.com\/privacy?hl=es<\/a>.<\/p><p>Tambi\u00e9n puedes consultar una lista de los tipos de cookies que utilizan Google y sus socios y toda la informaci\u00f3n relativa al uso de cookies publicitarias en:<\/p><ul><li><a href=\"https:\/\/policies.google.com\/technologies\/types?hl=es\" target=\"_blank\" rel=\"nofollow noopener\">Tipos de cookies utilizadas por Google<\/a><\/li><li><a href=\"https:\/\/policies.google.com\/technologies\/ads?hl=es\" target=\"_blank\" rel=\"nofollow noopener\">C\u00f3mo utiliza Google las cookies en la publicidad<\/a>.<\/li><\/ul><h2>Navegaci\u00f3n web<\/h2><p>A medida que el usuario navega por el sitio web, pueden recopilarse datos no identificativos, que pueden incluir la direcci\u00f3n IP, la geolocalizaci\u00f3n, un registro de c\u00f3mo se utilizan los servicios y sitios, los h\u00e1bitos de navegaci\u00f3n y otros datos que no pueden utilizarse para identificar al usuario.<\/p><p>El sitio web utiliza los siguientes servicios de an\u00e1lisis de terceros:<\/p><ul><li>Google Analytics.<\/li><\/ul><p>El Propietario utiliza la informaci\u00f3n obtenida para obtener datos estad\u00edsticos, analizar tendencias, administrar el sitio, estudiar patrones de navegaci\u00f3n y recopilar informaci\u00f3n demogr\u00e1fica.<\/p><p>El Propietario no es responsable del tratamiento de datos personales por parte de los sitios web a los que se puede acceder a trav\u00e9s de los distintos enlaces contenidos en el Sitio Web.<\/p><h2>Exactitud y veracidad de los datos personales<\/h2><p>El usuario se compromete a que los datos facilitados al responsable del fichero sean correctos, completos, exactos y actualizados, y a mantenerlos debidamente actualizados.<\/p><p>Como Usuario del Sitio Web, eres el \u00fanico responsable de la veracidad y correcci\u00f3n de los datos introducidos en el Sitio Web, y eximes al Propietario de cualquier responsabilidad al respecto.<\/p><h2>Aceptaci\u00f3n y consentimiento<\/h2><p>Como Usuario del Sitio Web, declaras haber sido informado de las condiciones sobre protecci\u00f3n de datos de car\u00e1cter personal, aceptando y consintiendo el tratamiento de los mismos por parte del Titular en la forma y para las finalidades indicadas en esta Pol\u00edtica de Privacidad.<\/p><p>Para ponerte en contacto con el Propietario, suscribirte a un bolet\u00edn o hacer comentarios en este sitio web, debes aceptar esta Pol\u00edtica de privacidad.<\/p><h2>Cambios en la pol\u00edtica de privacidad<\/h2><p>El Titular se reserva el derecho a modificar la presente Pol\u00edtica de Privacidad para adaptarla a novedades legislativas o jurisprudenciales, as\u00ed como a pr\u00e1cticas del sector.<\/p><p>Estas pol\u00edticas permanecer\u00e1n en vigor hasta que sean modificadas por otras debidamente publicadas.<\/p><\/div>\t\t\t\t\t\t\t\t<\/div>\n\t\t\t\t<\/div>\n\t\t\t\t<\/div>\n\t\t","protected":false},"excerpt":{"rendered":"<p>El Titular te informa de su Pol\u00edtica de Privacidad en relaci\u00f3n con el tratamiento y protecci\u00f3n de los datos de car\u00e1cter personal de los usuarios que puedan ser recabados durante la navegaci\u00f3n por el Sitio Web: https:\/\/imobima.com En este sentido, el Titular garantiza el cumplimiento de la legislaci\u00f3n vigente en materia de protecci\u00f3n de datos [&hellip;]<\/p>\n","protected":false},"author":1,"featured_media":0,"parent":0,"menu_order":0,"comment_status":"closed","ping_status":"closed","template":"elementor_header_footer","meta":{"footnotes":""},"class_list":["post-402","page","type-page","status-publish","hentry"],"_links":{"self":[{"href":"https:\/\/imobima.com\/es\/wp-json\/wp\/v2\/pages\/402","targetHints":{"allow":["GET"]}}],"collection":[{"href":"https:\/\/imobima.com\/es\/wp-json\/wp\/v2\/pages"}],"about":[{"href":"https:\/\/imobima.com\/es\/wp-json\/wp\/v2\/types\/page"}],"author":[{"embeddable":true,"href":"https:\/\/imobima.com\/es\/wp-json\/wp\/v2\/users\/1"}],"replies":[{"embeddable":true,"href":"https:\/\/imobima.com\/es\/wp-json\/wp\/v2\/comments?post=402"}],"version-history":[{"count":29,"href":"https:\/\/imobima.com\/es\/wp-json\/wp\/v2\/pages\/402\/revisions"}],"predecessor-version":[{"id":547,"href":"https:\/\/imobima.com\/es\/wp-json\/wp\/v2\/pages\/402\/revisions\/547"}],"wp:attachment":[{"href":"https:\/\/imobima.com\/es\/wp-json\/wp\/v2\/media?parent=402"}],"curies":[{"name":"wp","href":"https:\/\/api.w.org\/{rel}","templated":true}]}}