{"id":251,"date":"2025-10-18T09:45:01","date_gmt":"2025-10-18T09:45:01","guid":{"rendered":"https:\/\/imobima.com\/inicio\/"},"modified":"2026-03-30T19:12:31","modified_gmt":"2026-03-30T19:12:31","slug":"inicio","status":"publish","type":"page","link":"https:\/\/imobima.com\/es\/","title":{"rendered":"Inicio"},"content":{"rendered":"\t\t<div data-elementor-type=\"wp-page\" data-elementor-id=\"251\" class=\"elementor elementor-251 elementor-18\" data-elementor-post-type=\"page\">\n\t\t\t\t<div class=\"elementor-element elementor-element-bca2387 e-con-full e-flex e-con e-parent\" data-id=\"bca2387\" data-element_type=\"container\" data-e-type=\"container\">\n\t\t\t\t<div class=\"elementor-element elementor-element-e885318 elementor-pagination-position-outside elementor-widget__width-inherit elementor--h-position-center elementor--v-position-middle elementor-arrows-position-inside elementor-widget elementor-widget-slides\" data-id=\"e885318\" data-element_type=\"widget\" data-e-type=\"widget\" data-settings=\"{&quot;autoplay_speed&quot;:4000,&quot;navigation&quot;:&quot;both&quot;,&quot;autoplay&quot;:&quot;yes&quot;,&quot;pause_on_hover&quot;:&quot;yes&quot;,&quot;pause_on_interaction&quot;:&quot;yes&quot;,&quot;infinite&quot;:&quot;yes&quot;,&quot;transition&quot;:&quot;slide&quot;,&quot;transition_speed&quot;:500}\" data-widget_type=\"slides.default\">\n\t\t\t\t\t\t\t\t\t\t<div class=\"elementor-slides-wrapper elementor-main-swiper swiper\" role=\"region\" aria-roledescription=\"carousel\" aria-label=\"Diapositivas\" dir=\"ltr\" data-animation=\"\">\n\t\t\t\t<div class=\"swiper-wrapper elementor-slides\">\n\t\t\t\t\t\t\t\t\t\t<div class=\"elementor-repeater-item-41c18f0 swiper-slide\" role=\"group\" aria-roledescription=\"slide\"><div class=\"swiper-slide-bg elementor-ken-burns elementor-ken-burns--in\" role=\"img\" aria-label=\"Multifamiliar\"><\/div><a class=\"swiper-slide-inner\" href=\"https:\/\/imobima.com\/es\/promocion-de-inmuebles-residenciales\/\"><div class=\"swiper-slide-contents\"><div class=\"elementor-slide-heading\">Promoci\u00f3n de inmuebles residenciales<\/div><div class=\"elementor-slide-description\"><p>Espa\u00f1a y Portugal<\/p>\n<\/div><div  class=\"elementor-button elementor-slide-button elementor-size-sm\">M\u00e1s informaci\u00f3n<\/div><\/div><\/a><\/div><div class=\"elementor-repeater-item-e031645 swiper-slide\" role=\"group\" aria-roledescription=\"slide\"><div class=\"swiper-slide-bg elementor-ken-burns elementor-ken-burns--in\" role=\"img\" aria-label=\"Mayores-03.jpg\"><\/div><a class=\"swiper-slide-inner\" href=\"https:\/\/imobima.com\/es\/hogares-residenciales-y-cuidados-para-mayores\/\"><div class=\"swiper-slide-contents\"><div class=\"elementor-slide-heading\">Hogares residenciales y cuidados para mayores<\/div><div class=\"elementor-slide-description\"><p>Espacios seguros, c\u00f3modos y adaptados <\/p>\n<\/div><div  class=\"elementor-button elementor-slide-button elementor-size-sm\">M\u00e1s informaci\u00f3n<\/div><\/div><\/a><\/div><div class=\"elementor-repeater-item-28f81c0 swiper-slide\" role=\"group\" aria-roledescription=\"slide\"><div class=\"swiper-slide-bg elementor-ken-burns elementor-ken-burns--in\" role=\"img\" aria-label=\"pexels-pixabay-209251.jpg\"><\/div><a class=\"swiper-slide-inner\" href=\"https:\/\/imobima.com\/es\/instalaciones-industriales-y-logisticas\/\"><div class=\"swiper-slide-contents\"><div class=\"elementor-slide-heading\">Instalaciones industriales y log\u00edsticas<\/div><div class=\"elementor-slide-description\"><p>Estrat\u00e9gicamente ubicado y dise\u00f1ado para optimizar la eficiencia operacional<\/p>\n<\/div><div  class=\"elementor-button elementor-slide-button elementor-size-sm\">M\u00e1s informaci\u00f3n<\/div><\/div><\/a><\/div><div class=\"elementor-repeater-item-0485517 swiper-slide\" role=\"group\" aria-roledescription=\"slide\"><div class=\"swiper-slide-bg elementor-ken-burns elementor-ken-burns--in\" role=\"img\" aria-label=\"Barcelos01-scaled.jpg\"><\/div><a class=\"swiper-slide-inner\" href=\"https:\/\/imobima.com\/es\/alojamiento-local\/\"><div class=\"swiper-slide-contents\"><div class=\"elementor-slide-heading\">Alojamiento Local<\/div><div class=\"elementor-slide-description\"><p>Rentabilidad sin preocupaciones<\/p>\n<\/div><div  class=\"elementor-button elementor-slide-button elementor-size-sm\">M\u00e1s informaci\u00f3n<\/div><\/div><\/a><\/div>\t\t\t\t<\/div>\n\t\t\t\t\t\t\t\t\t\t\t\t\t\t\t<div class=\"elementor-swiper-button elementor-swiper-button-prev\" role=\"button\" tabindex=\"0\" aria-label=\"Diapositiva anterior\">\n\t\t\t\t\t\t\t<svg aria-hidden=\"true\" class=\"e-font-icon-svg e-eicon-chevron-left\" viewBox=\"0 0 1000 1000\" xmlns=\"http:\/\/www.w3.org\/2000\/svg\"><path d=\"M646 125C629 125 613 133 604 142L308 442C296 454 292 471 292 487 292 504 296 521 308 533L604 854C617 867 629 875 646 875 663 875 679 871 692 858 704 846 713 829 713 812 713 796 708 779 692 767L438 487 692 225C700 217 708 204 708 187 708 171 704 154 692 142 675 129 663 125 646 125Z\"><\/path><\/svg>\t\t\t\t\t\t<\/div>\n\t\t\t\t\t\t<div class=\"elementor-swiper-button elementor-swiper-button-next\" role=\"button\" tabindex=\"0\" aria-label=\"Diapositiva siguiente\">\n\t\t\t\t\t\t\t<svg aria-hidden=\"true\" class=\"e-font-icon-svg e-eicon-chevron-right\" viewBox=\"0 0 1000 1000\" xmlns=\"http:\/\/www.w3.org\/2000\/svg\"><path d=\"M696 533C708 521 713 504 713 487 713 471 708 454 696 446L400 146C388 133 375 125 354 125 338 125 325 129 313 142 300 154 292 171 292 187 292 204 296 221 308 233L563 492 304 771C292 783 288 800 288 817 288 833 296 850 308 863 321 871 338 875 354 875 371 875 388 867 400 854L696 533Z\"><\/path><\/svg>\t\t\t\t\t\t<\/div>\n\t\t\t\t\t\t\t\t\t\t\t\t\t\t\t\t<div class=\"swiper-pagination\"><\/div>\n\t\t\t\t\t\t\t\t\t\t\t\t<\/div>\n\t\t\t\t\t\t\t\t<\/div>\n\t\t\t\t<div class=\"elementor-element elementor-element-cf663d3 elementor-widget__width-inherit elementor-widget elementor-widget-heading\" data-id=\"cf663d3\" data-element_type=\"widget\" data-e-type=\"widget\" data-widget_type=\"heading.default\">\n\t\t\t\t\t<h1 class=\"elementor-heading-title elementor-size-default\">Consultor\u00eda y promoci\u00f3n inmobiliaria<\/h1>\t\t\t\t<\/div>\n\t\t\t\t<div class=\"elementor-element elementor-element-3c81b43 elementor-widget elementor-widget-text-editor\" data-id=\"3c81b43\" data-element_type=\"widget\" data-e-type=\"widget\" data-widget_type=\"text-editor.default\">\n\t\t\t\t\t\t\t\t\t<p>Somos especialistas en el sector inmobiliario en la Pen\u00ednsula Ib\u00e9rica.<\/p>\t\t\t\t\t\t\t\t<\/div>\n\t\t\t\t<div class=\"elementor-element elementor-element-8f294cf elementor-widget elementor-widget-text-editor\" data-id=\"8f294cf\" data-element_type=\"widget\" data-e-type=\"widget\" data-widget_type=\"text-editor.default\">\n\t\t\t\t\t\t\t\t\t<p>Colaboramos con empresas con d\u00e9cadas de experiencia en los siguientes sectores de la promoci\u00f3n inmobiliaria:<\/p><ul><li><p>Residencial<\/p><\/li><li><p>Salud y residencias s\u00e9nior<\/p><\/li><li><p>Instalaciones industriales y log\u00edsticas<\/p><\/li><li><p>Alojamiento Local<\/p><\/li><\/ul>\t\t\t\t\t\t\t\t<\/div>\n\t\t\t\t<\/div>\n\t\t<div class=\"elementor-element elementor-element-79020f5 e-con-full e-flex e-con e-parent\" data-id=\"79020f5\" data-element_type=\"container\" data-e-type=\"container\">\n\t\t\t\t<div class=\"elementor-element elementor-element-e912bf9 elementor-widget__width-inherit elementor-grid-2 elementor-grid-tablet-2 elementor-grid-mobile-1 elementor-widget elementor-widget-portfolio\" data-id=\"e912bf9\" data-element_type=\"widget\" data-e-type=\"widget\" data-settings=\"{&quot;item_ratio&quot;:{&quot;unit&quot;:&quot;px&quot;,&quot;size&quot;:1,&quot;sizes&quot;:[]},&quot;row_gap&quot;:{&quot;unit&quot;:&quot;px&quot;,&quot;size&quot;:20,&quot;sizes&quot;:[]},&quot;columns&quot;:&quot;2&quot;,&quot;columns_tablet&quot;:&quot;2&quot;,&quot;columns_mobile&quot;:&quot;1&quot;,&quot;item_gap&quot;:{&quot;unit&quot;:&quot;px&quot;,&quot;size&quot;:&quot;&quot;,&quot;sizes&quot;:[]}}\" data-widget_type=\"portfolio.default\">\n\t\t\t\t<div class=\"elementor-widget-container\">\n\t\t\t\t\t\t\t<div class=\"elementor-portfolio elementor-grid elementor-posts-container\" role=\"list\">\n\t\t\t\t<article class=\"elementor-portfolio-item elementor-post  post-184 post type-post status-publish format-standard has-post-thumbnail hentry category-sin-categoria\" role=\"listitem\">\n\t\t\t<a class=\"elementor-post__thumbnail__link\" href=\"https:\/\/imobima.com\/es\/promocion-de-inmuebles-residenciales\/\">\n\t\t\t\t<div class=\"elementor-portfolio-item__img elementor-post__thumbnail\">\n\t\t\t<img fetchpriority=\"high\" decoding=\"async\" width=\"768\" height=\"432\" src=\"https:\/\/imobima.com\/wp-content\/uploads\/2025\/10\/Multifamily-768x432.webp\" class=\"attachment-medium_large size-medium_large wp-image-835\" alt=\"\" srcset=\"https:\/\/imobima.com\/wp-content\/uploads\/2025\/10\/Multifamily-768x432.webp 768w, https:\/\/imobima.com\/wp-content\/uploads\/2025\/10\/Multifamily-300x169.webp 300w, https:\/\/imobima.com\/wp-content\/uploads\/2025\/10\/Multifamily-1024x576.webp 1024w, https:\/\/imobima.com\/wp-content\/uploads\/2025\/10\/Multifamily.webp 1200w\" sizes=\"(max-width: 768px) 100vw, 768px\" \/>\t\t<\/div>\n\t\t\t\t<div class=\"elementor-portfolio-item__overlay\">\n\t\t\t\t<h3 class=\"elementor-portfolio-item__title\">\n\t\tPromoci\u00f3n de inmuebles residenciales\t\t<\/h3>\n\t\t\t\t<\/div>\n\t\t\t\t<\/a>\n\t\t<\/article>\n\t\t\t\t<article class=\"elementor-portfolio-item elementor-post  post-284 post type-post status-publish format-standard has-post-thumbnail hentry category-sin-categoria\" role=\"listitem\">\n\t\t\t<a class=\"elementor-post__thumbnail__link\" href=\"https:\/\/imobima.com\/es\/hogares-residenciales-y-cuidados-para-mayores\/\">\n\t\t\t\t<div class=\"elementor-portfolio-item__img elementor-post__thumbnail\">\n\t\t\t<img decoding=\"async\" width=\"768\" height=\"432\" src=\"https:\/\/imobima.com\/wp-content\/uploads\/2025\/10\/Mayores-03-768x432.jpg\" class=\"attachment-medium_large size-medium_large wp-image-295\" alt=\"\" srcset=\"https:\/\/imobima.com\/wp-content\/uploads\/2025\/10\/Mayores-03-768x432.jpg 768w, https:\/\/imobima.com\/wp-content\/uploads\/2025\/10\/Mayores-03-300x169.jpg 300w, https:\/\/imobima.com\/wp-content\/uploads\/2025\/10\/Mayores-03-1024x576.jpg 1024w, https:\/\/imobima.com\/wp-content\/uploads\/2025\/10\/Mayores-03.jpg 1366w\" sizes=\"(max-width: 768px) 100vw, 768px\" \/>\t\t<\/div>\n\t\t\t\t<div class=\"elementor-portfolio-item__overlay\">\n\t\t\t\t<h3 class=\"elementor-portfolio-item__title\">\n\t\tHogares residenciales y cuidados para mayores\t\t<\/h3>\n\t\t\t\t<\/div>\n\t\t\t\t<\/a>\n\t\t<\/article>\n\t\t\t\t<article class=\"elementor-portfolio-item elementor-post  post-561 post type-post status-publish format-standard has-post-thumbnail hentry category-sin-categoria\" role=\"listitem\">\n\t\t\t<a class=\"elementor-post__thumbnail__link\" href=\"https:\/\/imobima.com\/es\/instalaciones-industriales-y-logisticas\/\">\n\t\t\t\t<div class=\"elementor-portfolio-item__img elementor-post__thumbnail\">\n\t\t\t<img decoding=\"async\" width=\"768\" height=\"510\" src=\"https:\/\/imobima.com\/wp-content\/uploads\/2025\/10\/AdobeStock_68465702-scaled-1-768x510.jpeg\" class=\"attachment-medium_large size-medium_large wp-image-122\" alt=\"\" srcset=\"https:\/\/imobima.com\/wp-content\/uploads\/2025\/10\/AdobeStock_68465702-scaled-1-768x510.jpeg 768w, https:\/\/imobima.com\/wp-content\/uploads\/2025\/10\/AdobeStock_68465702-scaled-1-300x199.jpeg 300w, https:\/\/imobima.com\/wp-content\/uploads\/2025\/10\/AdobeStock_68465702-scaled-1-1024x680.jpeg 1024w, https:\/\/imobima.com\/wp-content\/uploads\/2025\/10\/AdobeStock_68465702-scaled-1-1536x1020.jpeg 1536w, https:\/\/imobima.com\/wp-content\/uploads\/2025\/10\/AdobeStock_68465702-scaled-1-2048x1360.jpeg 2048w\" sizes=\"(max-width: 768px) 100vw, 768px\" \/>\t\t<\/div>\n\t\t\t\t<div class=\"elementor-portfolio-item__overlay\">\n\t\t\t\t<h3 class=\"elementor-portfolio-item__title\">\n\t\tInstalaciones industriales y log\u00edsticas\t\t<\/h3>\n\t\t\t\t<\/div>\n\t\t\t\t<\/a>\n\t\t<\/article>\n\t\t\t\t<article class=\"elementor-portfolio-item elementor-post  post-619 post type-post status-publish format-standard has-post-thumbnail hentry category-sin-categoria\" role=\"listitem\">\n\t\t\t<a class=\"elementor-post__thumbnail__link\" href=\"https:\/\/imobima.com\/es\/alojamiento-local\/\">\n\t\t\t\t<div class=\"elementor-portfolio-item__img elementor-post__thumbnail\">\n\t\t\t<img loading=\"lazy\" decoding=\"async\" width=\"768\" height=\"576\" src=\"https:\/\/imobima.com\/wp-content\/uploads\/2025\/10\/Barcelos01-scaled-1-768x576.jpg\" class=\"attachment-medium_large size-medium_large wp-image-123\" alt=\"\" srcset=\"https:\/\/imobima.com\/wp-content\/uploads\/2025\/10\/Barcelos01-scaled-1-768x576.jpg 768w, https:\/\/imobima.com\/wp-content\/uploads\/2025\/10\/Barcelos01-scaled-1-300x225.jpg 300w, https:\/\/imobima.com\/wp-content\/uploads\/2025\/10\/Barcelos01-scaled-1-1024x768.jpg 1024w, https:\/\/imobima.com\/wp-content\/uploads\/2025\/10\/Barcelos01-scaled-1-1536x1152.jpg 1536w, https:\/\/imobima.com\/wp-content\/uploads\/2025\/10\/Barcelos01-scaled-1-2048x1536.jpg 2048w\" sizes=\"(max-width: 768px) 100vw, 768px\" \/>\t\t<\/div>\n\t\t\t\t<div class=\"elementor-portfolio-item__overlay\">\n\t\t\t\t<h3 class=\"elementor-portfolio-item__title\">\n\t\tAlojamiento Local\t\t<\/h3>\n\t\t\t\t<\/div>\n\t\t\t\t<\/a>\n\t\t<\/article>\n\t\t\t\t<\/div>\n\t\t\t\t\t\t<\/div>\n\t\t\t\t<\/div>\n\t\t\t\t<\/div>\n\t\t\t\t<\/div>\n\t\t","protected":false},"excerpt":{"rendered":"<p>Promoci\u00f3n de inmuebles residenciales Espa\u00f1a y Portugal M\u00e1s informaci\u00f3nHogares residenciales y cuidados para mayores Espacios seguros, c\u00f3modos y adaptados M\u00e1s informaci\u00f3nInstalaciones industriales y log\u00edsticas Estrat\u00e9gicamente ubicado y dise\u00f1ado para optimizar la eficiencia operacional M\u00e1s informaci\u00f3nAlojamiento Local Rentabilidad sin preocupaciones M\u00e1s informaci\u00f3n Consultor\u00eda y promoci\u00f3n inmobiliaria Somos especialistas en el sector inmobiliario en la Pen\u00ednsula Ib\u00e9rica. [&hellip;]<\/p>\n","protected":false},"author":1,"featured_media":0,"parent":0,"menu_order":0,"comment_status":"closed","ping_status":"closed","template":"elementor_header_footer","meta":{"footnotes":""},"class_list":["post-251","page","type-page","status-publish","hentry"],"_links":{"self":[{"href":"https:\/\/imobima.com\/es\/wp-json\/wp\/v2\/pages\/251","targetHints":{"allow":["GET"]}}],"collection":[{"href":"https:\/\/imobima.com\/es\/wp-json\/wp\/v2\/pages"}],"about":[{"href":"https:\/\/imobima.com\/es\/wp-json\/wp\/v2\/types\/page"}],"author":[{"embeddable":true,"href":"https:\/\/imobima.com\/es\/wp-json\/wp\/v2\/users\/1"}],"replies":[{"embeddable":true,"href":"https:\/\/imobima.com\/es\/wp-json\/wp\/v2\/comments?post=251"}],"version-history":[{"count":17,"href":"https:\/\/imobima.com\/es\/wp-json\/wp\/v2\/pages\/251\/revisions"}],"predecessor-version":[{"id":1189,"href":"https:\/\/imobima.com\/es\/wp-json\/wp\/v2\/pages\/251\/revisions\/1189"}],"wp:attachment":[{"href":"https:\/\/imobima.com\/es\/wp-json\/wp\/v2\/media?parent=251"}],"curies":[{"name":"wp","href":"https:\/\/api.w.org\/{rel}","templated":true}]}}